{"id":9168,"date":"2023-08-10T15:46:02","date_gmt":"2023-08-10T15:46:02","guid":{"rendered":"https:\/\/www.wegamed.com\/impronta\/"},"modified":"2024-07-08T13:59:03","modified_gmt":"2024-07-08T13:59:03","slug":"impronta","status":"publish","type":"page","link":"https:\/\/www.wegamed.com\/it\/impronta\/","title":{"rendered":"Impronta"},"content":{"rendered":"\t\t<div data-elementor-type=\"wp-page\" data-elementor-id=\"9168\" class=\"elementor elementor-9168 elementor-2471\">\n\t\t\t\t\t\t<section class=\"elementor-section elementor-top-section elementor-element elementor-element-304b1d9 elementor-section-height-min-height elementor-section-boxed elementor-section-height-default elementor-section-items-middle\" data-id=\"304b1d9\" data-element_type=\"section\" data-settings=\"{&quot;background_background&quot;:&quot;classic&quot;}\">\n\t\t\t\t\t\t\t<div class=\"elementor-background-overlay\"><\/div>\n\t\t\t\t\t\t\t<div class=\"elementor-container elementor-column-gap-default\">\n\t\t\t\t\t<div class=\"elementor-column elementor-col-100 elementor-top-column elementor-element elementor-element-4b98eae\" data-id=\"4b98eae\" data-element_type=\"column\">\n\t\t\t<div class=\"elementor-widget-wrap elementor-element-populated\">\n\t\t\t\t\t\t<div class=\"elementor-element elementor-element-72bbd54 elementor-widget elementor-widget-heading\" data-id=\"72bbd54\" data-element_type=\"widget\" data-widget_type=\"heading.default\">\n\t\t\t\t<div class=\"elementor-widget-container\">\n\t\t\t\t\t<h2 class=\"elementor-heading-title elementor-size-default\">Impronta<\/h2>\t\t\t\t<\/div>\n\t\t\t\t<\/div>\n\t\t\t\t\t<\/div>\n\t\t<\/div>\n\t\t\t\t\t<\/div>\n\t\t<\/section>\n\t\t\t\t<section class=\"elementor-section elementor-top-section elementor-element elementor-element-ecc2ac1 elementor-section-boxed elementor-section-height-default elementor-section-height-default\" data-id=\"ecc2ac1\" data-element_type=\"section\">\n\t\t\t\t\t\t<div class=\"elementor-container elementor-column-gap-default\">\n\t\t\t\t\t<div class=\"elementor-column elementor-col-100 elementor-top-column elementor-element elementor-element-b004229\" data-id=\"b004229\" data-element_type=\"column\">\n\t\t\t<div class=\"elementor-widget-wrap elementor-element-populated\">\n\t\t\t\t\t\t<div class=\"elementor-element elementor-element-63ca3e5 elementor-widget elementor-widget-text-editor\" data-id=\"63ca3e5\" data-element_type=\"widget\" data-widget_type=\"text-editor.default\">\n\t\t\t\t<div class=\"elementor-widget-container\">\n\t\t\t\t\t\t\t\t\t<p>Pubblicato da:<\/p>\n<h5>WEGAMED GMBH<\/h5>\n<p>rappresentata dall&#8217;amministratore delegato:<\/p>\n<p>Peter M\u00f6lleney<\/p>\n<p>Am Zehnthof 189, D-45307 Essen<\/p>\n<p>Tel. +49 201 185568-10<br \/><span style=\"color: var( --e-global-color-text ); font-family: var( --e-global-typography-text-font-family ), Sans-serif; font-weight: var( --e-global-typography-text-font-weight );\">Fax +49 201 185568-30<br \/><\/span><span style=\"color: var( --e-global-color-text ); font-family: var( --e-global-typography-text-font-family ), Sans-serif; font-weight: var( --e-global-typography-text-font-weight );\">Internet: www.wegamed.de<br \/><\/span><span style=\"color: var( --e-global-color-text ); font-family: var( --e-global-typography-text-font-family ), Sans-serif; font-weight: var( --e-global-typography-text-font-weight );\">Email: <a href=\"mailto:info@wegamed.de\">info@wegamed.de<\/a><\/span><\/p>\n<p><span style=\"color: #7a7a7a;\">Tribunale distrettuale di Essen<br \/><\/span><span style=\"color: #7a7a7a;\">HRB 20007, Partita IVA: DE255036922<\/span><\/p>\n<h5>REDAZIONE:<\/h5>\n<p>wegamed gmbh<\/p>\n<h5>UN AVVISO:<\/h5>\n<p>I dispositivi che produciamo non sono scientificamente riconosciuti dalla medicina convenzionale, ma soddisfano comunque i requisiti della legge sui prodotti medici (MPG) e sono certificati come prodotti medici di classe IIa. Tutte le procedure servono a supportare la medicina convenzionale, ma non possono sostituirla.<\/p>\n<h5>COPYRIGHT:<\/h5>\n<p>Il contenuto del sito web di wegamed gmbh \u00e8 protetto da copyright. Tutti i diritti riservati. La riproduzione, la traduzione o l&#8217;utilizzo in sistemi elettronici di contenuti quali testi, immagini, grafici e animazioni, anche in forma di estratti, \u00e8 contraria alla legge sul diritto d&#8217;autore e pertanto punibile senza il consenso scritto di wegamed gmbh. Se vengono utilizzati marchi registrati, nomi commerciali e nomi comuni, anche se non sono contrassegnati come tali, si applicano le relative disposizioni di tutela. \u00c8 consentito utilizzare i documenti resi disponibili per il download su questo sito web (come brochure informative, comunicati stampa, schede tecniche, ecc.) se si garantisce che:<\/p>\n<p>&#8211; Questo avviso e l&#8217;avviso di copyright appaiono su tutte le copie.<\/p>\n<p>&#8211; Queste copie sono utilizzate solo a scopo informativo, dalla stampa e per scopi non commerciali o per uso personale, e non sono copiate \/ pubblicate su alcuna rete di computer o distribuite su supporti commerciali.<\/p>\n<p>&#8211; Non vengono apportate modifiche a questi documenti.<\/p>\n<p><span style=\"color: #ff0000;\"><em>Qualsiasi altro utilizzo \u00e8 espressamente vietato e pu\u00f2 essere perseguito civilmente e penalmente.<\/em><\/span><\/p>\n<h5>COPYRIGHT DELLE IMMAGINI UTILIZZATE DA WWW.FOTOLIA.DE<\/h5>\n<p>Termini e condizioni, amelie, Darren Baker, Yuri Arcurs, christemo, AVAVA, Daniel Schmid, vgstudio, asiln, a_korn, pressmaster, olly, hfox, Valua Vitaly, Kurhan, D.aniel, Werner Heiber, IKO, Izaokas Sapiro, japolia, froxx, yellowj, Monkey Business, Deklofenak, Spectral-Design, Brocreative, lurli Timashov, mipan, Kzenon, alder, valdis, torms, beawolf, Picture-Factory, WavebreakMediaMicro, fotodesign-jegg.de , teracreonte, Andrii IURLOV, Oleg Zhukov, <a href=\"http:\/\/fotodesign-jegg.de\/\" target=\"_blank\" rel=\"noopener\">jiris<\/a>, Oliopi, ag visual, Ion Popa, tribalium81, Lina_S, cphoto, Sergiy Timashov, katerinarspb,Lota<\/p>\n<h5>DISCLAIMER:<\/h5>\n<p>Tutti i contenuti sono accuratamente controllati e costantemente aggiornati. Tuttavia, non \u00e8 possibile garantire la completezza, la correttezza e l&#8217;aggiornamento. Pertanto, wegamed gmbh non pu\u00f2 essere ritenuta responsabile per i danni legati all&#8217;uso di questi contenuti.<\/p>\n<p>Con i link proposti esci dal sito web di wegamed. Questi siti collegati non sono controllati da wegamed e nessuna entit\u00e0 wegamed \u00e8 responsabile per i contenuti di qualsiasi sito collegato o di qualsiasi sito collegato contenuto in un sito collegato.<br \/>wegamed gmbh non \u00e8 responsabile della pubblicit\u00e0 su Internet o di qualsiasi altra forma di dati trasmessi da un sito collegato.<br \/>Nella misura in cui ulteriori informazioni sono rese accessibili tramite link ad altri server, wegamed gmbh precisa che il contenuto non \u00e8 stato controllato in tal senso e che ogni responsabilit\u00e0 \u00e8 esclusa.<\/p>\n<h6>LEGGI L&#8217;<a href=\"https:\/\/wegamed.com\/it\/privacy-policy\/\" target=\"_blank\" rel=\"noopener\">INFORMATIVA SULLA PRIVACY<\/a><\/h6>\n<h6>LEGGI <a href=\"https:\/\/wegamed.com\/it\/terms-and-conditions\/\" target=\"_blank\" rel=\"noopener\">I TERMINI E LE CONDIZIONI GENERALI DI WEGAMED GMBH<\/a><\/h6>\n<h5>RISOLUZIONE ALTERNATIVA DELLE CONTROVERSIE AI SENSI DELL&#8217;ART. 14 PARA. 1 ODR-VO E \u00a7 36 VSBG:<\/h5>\n<p>La Commissione europea mette a disposizione una piattaforma per la risoluzione delle controversie online (OS), che puoi trovare all&#8217;indirizzo <a href=\"https:\/\/ec.europa.eu\/consumers\/odr\" target=\"_blank\" rel=\"noopener\">https:\/\/ec.europa.eu\/consumers\/odr<\/a>. Non siamo obbligati n\u00e9 disposti a partecipare a una procedura di risoluzione delle controversie davanti a un collegio arbitrale dei consumatori.<\/p>\n\t\t\t\t\t\t\t\t<\/div>\n\t\t\t\t<\/div>\n\t\t\t\t\t<\/div>\n\t\t<\/div>\n\t\t\t\t\t<\/div>\n\t\t<\/section>\n\t\t\t\t<\/div>\n\t\t","protected":false},"excerpt":{"rendered":"<p>Impronta Pubblicato da: WEGAMED GMBH rappresentata dall&#8217;amministratore delegato: Peter M\u00f6lleney Am Zehnthof 189, D-45307 Essen Tel. +49 201 185568-10Fax +49 201 185568-30Internet: www.wegamed.deEmail: info@wegamed.de Tribunale distrettuale di EssenHRB 20007, Partita IVA: DE255036922 REDAZIONE: wegamed gmbh UN AVVISO: I dispositivi che produciamo non sono scientificamente riconosciuti dalla medicina convenzionale, ma soddisfano comunque i requisiti della legge sui prodotti medici (MPG) e sono certificati come prodotti medici di classe IIa. Tutte le procedure servono a supportare la medicina convenzionale, ma non possono sostituirla. COPYRIGHT: Il contenuto del sito web di wegamed gmbh \u00e8 protetto da copyright. Tutti i diritti riservati. La riproduzione, [&hellip;]<\/p>\n","protected":false},"author":4,"featured_media":0,"parent":0,"menu_order":0,"comment_status":"closed","ping_status":"closed","template":"elementor_header_footer","meta":{"inline_featured_image":false,"footnotes":""},"class_list":["post-9168","page","type-page","status-publish","hentry"],"acf":[],"_links":{"self":[{"href":"https:\/\/www.wegamed.com\/it\/wp-json\/wp\/v2\/pages\/9168","targetHints":{"allow":["GET"]}}],"collection":[{"href":"https:\/\/www.wegamed.com\/it\/wp-json\/wp\/v2\/pages"}],"about":[{"href":"https:\/\/www.wegamed.com\/it\/wp-json\/wp\/v2\/types\/page"}],"author":[{"embeddable":true,"href":"https:\/\/www.wegamed.com\/it\/wp-json\/wp\/v2\/users\/4"}],"replies":[{"embeddable":true,"href":"https:\/\/www.wegamed.com\/it\/wp-json\/wp\/v2\/comments?post=9168"}],"version-history":[{"count":3,"href":"https:\/\/www.wegamed.com\/it\/wp-json\/wp\/v2\/pages\/9168\/revisions"}],"predecessor-version":[{"id":9603,"href":"https:\/\/www.wegamed.com\/it\/wp-json\/wp\/v2\/pages\/9168\/revisions\/9603"}],"wp:attachment":[{"href":"https:\/\/www.wegamed.com\/it\/wp-json\/wp\/v2\/media?parent=9168"}],"curies":[{"name":"wp","href":"https:\/\/api.w.org\/{rel}","templated":true}]}}