{"id":6958,"date":"2023-08-08T20:53:06","date_gmt":"2023-08-08T20:53:06","guid":{"rendered":"https:\/\/www.wegamed.com\/seminarios\/"},"modified":"2025-01-20T08:40:57","modified_gmt":"2025-01-20T08:40:57","slug":"seminarios","status":"publish","type":"page","link":"https:\/\/www.wegamed.com\/es\/seminarios\/","title":{"rendered":"SEMINARIOS"},"content":{"rendered":"\t\t<div data-elementor-type=\"wp-page\" data-elementor-id=\"6958\" class=\"elementor elementor-6958 elementor-2121\">\n\t\t\t\t\t\t<section class=\"elementor-section elementor-top-section elementor-element elementor-element-f0fd8a0 elementor-section-height-min-height elementor-section-stretched elementor-section-boxed elementor-section-height-default elementor-section-items-middle\" data-id=\"f0fd8a0\" data-element_type=\"section\" data-settings=\"{&quot;stretch_section&quot;:&quot;section-stretched&quot;,&quot;background_background&quot;:&quot;classic&quot;}\">\n\t\t\t\t\t\t\t<div class=\"elementor-background-overlay\"><\/div>\n\t\t\t\t\t\t\t<div class=\"elementor-container elementor-column-gap-default\">\n\t\t\t\t\t<div class=\"elementor-column elementor-col-100 elementor-top-column elementor-element elementor-element-9b4f403\" data-id=\"9b4f403\" data-element_type=\"column\">\n\t\t\t<div class=\"elementor-widget-wrap elementor-element-populated\">\n\t\t\t\t\t\t<div class=\"elementor-element elementor-element-e18e26a elementor-widget elementor-widget-heading\" data-id=\"e18e26a\" data-element_type=\"widget\" data-widget_type=\"heading.default\">\n\t\t\t\t<div class=\"elementor-widget-container\">\n\t\t\t\t\t<h2 class=\"elementor-heading-title elementor-size-default\">Seminarios<\/h2>\t\t\t\t<\/div>\n\t\t\t\t<\/div>\n\t\t\t\t\t<\/div>\n\t\t<\/div>\n\t\t\t\t\t<\/div>\n\t\t<\/section>\n\t\t\t\t<section class=\"elementor-section elementor-top-section elementor-element elementor-element-eca6278 elementor-section-boxed elementor-section-height-default elementor-section-height-default\" data-id=\"eca6278\" data-element_type=\"section\">\n\t\t\t\t\t\t<div class=\"elementor-container elementor-column-gap-default\">\n\t\t\t\t\t<div class=\"elementor-column elementor-col-100 elementor-top-column elementor-element elementor-element-846aafc\" data-id=\"846aafc\" data-element_type=\"column\">\n\t\t\t<div class=\"elementor-widget-wrap elementor-element-populated\">\n\t\t\t\t\t\t<div class=\"elementor-element elementor-element-84c7d40 elementor-widget__width-initial elementor-widget elementor-widget-text-editor\" data-id=\"84c7d40\" data-element_type=\"widget\" data-widget_type=\"text-editor.default\">\n\t\t\t\t<div class=\"elementor-widget-container\">\n\t\t\t\t\t\t\t\t\t<p>En nuestros seminarios, los principiantes adquieren la competencia necesaria para su trabajo diario con los dispositivos con una combinaci\u00f3n probada de informaci\u00f3n y pr\u00e1ctica, y mucho m\u00e1s: Desde la facturaci\u00f3n hasta la utilizaci\u00f3n eficaz de los aparatos por parte del personal, ninguna pregunta quedar\u00e1 sin respuesta.<\/p>\n<p>\u00bfYa tiene experiencia con nuestros dispositivos y le gustar\u00eda profundizar en sus funcionalidades y posibles aplicaciones? En nuestros cursos profesionales encontrar\u00e1 un foro para el intercambio sostenible e intensivo de experiencias y conocimientos entre expertos.<\/p>\n\t\t\t\t\t\t\t\t<\/div>\n\t\t\t\t<\/div>\n\t\t\t\t\t<\/div>\n\t\t<\/div>\n\t\t\t\t\t<\/div>\n\t\t<\/section>\n\t\t\t\t<\/div>\n\t\t","protected":false},"excerpt":{"rendered":"<p>Seminarios En nuestros seminarios, los principiantes adquieren la competencia necesaria para su trabajo diario con los dispositivos con una combinaci\u00f3n probada de informaci\u00f3n y pr\u00e1ctica, y mucho m\u00e1s: Desde la facturaci\u00f3n hasta la utilizaci\u00f3n eficaz de los aparatos por parte del personal, ninguna pregunta quedar\u00e1 sin respuesta. \u00bfYa tiene experiencia con nuestros dispositivos y le gustar\u00eda profundizar en sus funcionalidades y posibles aplicaciones? En nuestros cursos profesionales encontrar\u00e1 un foro para el intercambio sostenible e intensivo de experiencias y conocimientos entre expertos.<\/p>\n","protected":false},"author":4,"featured_media":0,"parent":0,"menu_order":0,"comment_status":"closed","ping_status":"closed","template":"Beginner-seminars.php","meta":{"inline_featured_image":false,"footnotes":""},"class_list":["post-6958","page","type-page","status-publish","hentry"],"acf":[],"_links":{"self":[{"href":"https:\/\/www.wegamed.com\/es\/wp-json\/wp\/v2\/pages\/6958","targetHints":{"allow":["GET"]}}],"collection":[{"href":"https:\/\/www.wegamed.com\/es\/wp-json\/wp\/v2\/pages"}],"about":[{"href":"https:\/\/www.wegamed.com\/es\/wp-json\/wp\/v2\/types\/page"}],"author":[{"embeddable":true,"href":"https:\/\/www.wegamed.com\/es\/wp-json\/wp\/v2\/users\/4"}],"replies":[{"embeddable":true,"href":"https:\/\/www.wegamed.com\/es\/wp-json\/wp\/v2\/comments?post=6958"}],"version-history":[{"count":24,"href":"https:\/\/www.wegamed.com\/es\/wp-json\/wp\/v2\/pages\/6958\/revisions"}],"predecessor-version":[{"id":10419,"href":"https:\/\/www.wegamed.com\/es\/wp-json\/wp\/v2\/pages\/6958\/revisions\/10419"}],"wp:attachment":[{"href":"https:\/\/www.wegamed.com\/es\/wp-json\/wp\/v2\/media?parent=6958"}],"curies":[{"name":"wp","href":"https:\/\/api.w.org\/{rel}","templated":true}]}}