{"id":6799,"date":"2023-08-10T15:46:02","date_gmt":"2023-08-10T15:46:02","guid":{"rendered":"https:\/\/www.wegamed.com\/pie-de-imprenta\/"},"modified":"2024-01-27T08:41:11","modified_gmt":"2024-01-27T08:41:11","slug":"pie-de-imprenta","status":"publish","type":"page","link":"https:\/\/www.wegamed.com\/es\/pie-de-imprenta\/","title":{"rendered":"Pie de imprenta"},"content":{"rendered":"\t\t<div data-elementor-type=\"wp-page\" data-elementor-id=\"6799\" class=\"elementor elementor-6799 elementor-2471\">\n\t\t\t\t\t\t<section class=\"elementor-section elementor-top-section elementor-element elementor-element-304b1d9 elementor-section-height-min-height elementor-section-boxed elementor-section-height-default elementor-section-items-middle\" data-id=\"304b1d9\" data-element_type=\"section\" data-settings=\"{&quot;background_background&quot;:&quot;classic&quot;}\">\n\t\t\t\t\t\t\t<div class=\"elementor-background-overlay\"><\/div>\n\t\t\t\t\t\t\t<div class=\"elementor-container elementor-column-gap-default\">\n\t\t\t\t\t<div class=\"elementor-column elementor-col-100 elementor-top-column elementor-element elementor-element-4b98eae\" data-id=\"4b98eae\" data-element_type=\"column\">\n\t\t\t<div class=\"elementor-widget-wrap elementor-element-populated\">\n\t\t\t\t\t\t<div class=\"elementor-element elementor-element-72bbd54 elementor-widget elementor-widget-heading\" data-id=\"72bbd54\" data-element_type=\"widget\" data-widget_type=\"heading.default\">\n\t\t\t\t<div class=\"elementor-widget-container\">\n\t\t\t\t\t<h2 class=\"elementor-heading-title elementor-size-default\">Pie de imprenta<\/h2>\t\t\t\t<\/div>\n\t\t\t\t<\/div>\n\t\t\t\t\t<\/div>\n\t\t<\/div>\n\t\t\t\t\t<\/div>\n\t\t<\/section>\n\t\t\t\t<section class=\"elementor-section elementor-top-section elementor-element elementor-element-ecc2ac1 elementor-section-boxed elementor-section-height-default elementor-section-height-default\" data-id=\"ecc2ac1\" data-element_type=\"section\">\n\t\t\t\t\t\t<div class=\"elementor-container elementor-column-gap-default\">\n\t\t\t\t\t<div class=\"elementor-column elementor-col-100 elementor-top-column elementor-element elementor-element-b004229\" data-id=\"b004229\" data-element_type=\"column\">\n\t\t\t<div class=\"elementor-widget-wrap elementor-element-populated\">\n\t\t\t\t\t\t<div class=\"elementor-element elementor-element-63ca3e5 elementor-widget elementor-widget-text-editor\" data-id=\"63ca3e5\" data-element_type=\"widget\" data-widget_type=\"text-editor.default\">\n\t\t\t\t<div class=\"elementor-widget-container\">\n\t\t\t\t\t\t\t\t\t<p>Publicado por:<\/p>\n<h5>WEGAMED GMBH<\/h5>\n<p>representada por el director general:<\/p>\n<p>Peter M\u00f6lleney<\/p>\n<p>Am Zehnthof 189, D-45307 Essen<\/p>\n<p>Tel. +49 201 185568-10<br \/><span style=\"color: var( --e-global-color-text ); font-family: var( --e-global-typography-text-font-family ), Sans-serif; font-weight: var( --e-global-typography-text-font-weight );\">Fax +49 201 185568-30<br \/><\/span><span style=\"color: var( --e-global-color-text ); font-family: var( --e-global-typography-text-font-family ), Sans-serif; font-weight: var( --e-global-typography-text-font-weight );\">Internet: www.wegamed.de<br \/><\/span><span style=\"color: var( --e-global-color-text ); font-family: var( --e-global-typography-text-font-family ), Sans-serif; font-weight: var( --e-global-typography-text-font-weight );\">Correo electr\u00f3nico: <a href=\"mailto:info@wegamed.de\">info@wegamed.de<\/a><\/span><\/p>\n<p><span style=\"color: #7a7a7a;\">Juzgado de Primera Instancia de Essen<br \/><\/span><span style=\"color: #7a7a7a;\">HRB 20007, NIF: DE255036922<\/span><\/p>\n<h5>REDACCI\u00d3N:<\/h5>\n<p>wegamed gmbh<\/p>\n<h5>UN AVISO:<\/h5>\n<p>Los dispositivos que producimos no est\u00e1n reconocidos cient\u00edficamente por la medicina convencional, pero cumplen los requisitos de la Ley de Productos M\u00e9dicos (MPG) y est\u00e1n certificados como productos m\u00e9dicos de clase IIa. Todos los procedimientos sirven de apoyo a la medicina convencional, pero no pueden sustituirla.<\/p>\n<h5>COPYRIGHT:<\/h5>\n<p>El contenido del sitio web de wegamed gmbh est\u00e1 protegido por derechos de autor. Todos los derechos reservados. La reproducci\u00f3n, traducci\u00f3n o utilizaci\u00f3n en sistemas electr\u00f3nicos de contenidos como textos, im\u00e1genes, gr\u00e1ficos y animaciones, incluso en extractos, es contraria a la ley de derechos de autor y, por tanto, punible sin el consentimiento por escrito de wegamed gmbh. Si se utilizan marcas registradas, nombres comerciales y nombres comunes, aunque no est\u00e9n marcados como tales, se aplican las disposiciones de protecci\u00f3n correspondientes. Est\u00e1 permitido utilizar los documentos disponibles para su descarga en este sitio web (como folletos informativos, comunicados de prensa, fichas t\u00e9cnicas, etc.) si se garantiza que:<\/p>\n<p>&#8211; Este aviso y el aviso de copyright aparecen en todas las copias.<\/p>\n<p>&#8211; Estas copias se utilizan \u00fanicamente con fines informativos, por la prensa y con fines no comerciales o para uso personal, y no se copian \/ publican en ninguna red inform\u00e1tica ni se distribuyen en medios comerciales.<\/p>\n<p>&#8211; No se introduce ninguna modificaci\u00f3n en estos documentos.<\/p>\n<p><span style=\"color: #ff0000;\"><em>Cualquier otro uso est\u00e1 expresamente prohibido y puede ser perseguido civil y penalmente.<\/em><\/span><\/p>\n<h5>COPYRIGHT DE LAS IM\u00c1GENES UTILIZADAS POR WWW.FOTOLIA.DE<\/h5>\n<p>T\u00e9rminos y condiciones, amelie, Darren Baker, Yuri Arcurs, christemo, AVAVA, Daniel Schmid, vgstudio, asiln, a_korn, pressmaster, olly, hfox, Valua Vitaly, Kurhan, D.aniel, Werner Heiber, IKO, Izaokas Sapiro, japolia, froxx, yellowj, Monkey Business, Deklofenak, Spectral-Design, Brocreative, lurli Timashov, mipan, Kzenon, alder, valdis, torms, beawolf, Picture-Factory, WavebreakMediaMicro, fotodesign-jegg.de , teracreonte, Andrii IURLOV, Oleg Zhukov,  <a href=\"http:\/\/fotodesign-jegg.de\/\" target=\"_blank\" rel=\"noopener\">jiris<\/a>, Oliopi, ag visual, Ion Popa, tribalium81, Lina_S, cphoto, Sergiy Timashov, katerinarspb,Lota<\/p>\n<h5>DESCARGO DE RESPONSABILIDAD:<\/h5>\n<p>Todos los contenidos se comprueban cuidadosamente y se actualizan constantemente. No obstante, no puede garantizarse su integridad, correcci\u00f3n y actualizaci\u00f3n. Por lo tanto, wegamed gmbh no se hace responsable de los da\u00f1os relacionados con el uso de este contenido.<\/p>\n<p>Con los enlaces ofrecidos abandonas el sitio web de wegamed. Estos sitios vinculados no son controlados por wegamed, y ninguna entidad wegamed es responsable de los contenidos de cualquier sitio vinculado o cualquier sitio vinculado contenido en un sitio vinculado.<br \/>wegamed gmbh no se hace responsable de la publicidad en Internet o de cualquier otra forma de datos que se transmitan desde un sitio enlazado.<br \/>En la medida en que se facilite informaci\u00f3n adicional mediante enlaces a otros servidores, wegamed gmbh se\u00f1ala que el contenido no se comprueba a este respecto y se excluye cualquier responsabilidad.<\/p>\n<h6>LEER LA <a href=\"https:\/\/wegamed.com\/privacy-policy\/\" target=\"_blank\" rel=\"noopener\">POL\u00cdTICA DE PRIVACIDAD<\/a><\/h6>\n<h6>LEA <a href=\"https:\/\/wegamed.com\/terms-and-conditions\/\" target=\"_blank\" rel=\"noopener\">LAS CONDICIONES GENERALES DE WEGAMED GMBH<\/a><\/h6>\n<h5>RESOLUCI\u00d3N ALTERNATIVA DE CONFLICTOS SEG\u00daN EL ART. 14 PARA. 1 ODR-VO Y \u00a7 36 VSBG:<\/h5>\n<p>La Comisi\u00f3n Europea ofrece una plataforma para la resoluci\u00f3n de litigios en l\u00ednea (OS), que puede encontrar en <a href=\"https:\/\/ec.europa.eu\/consumers\/odr\" target=\"_blank\" rel=\"noopener\">https:\/\/ec.europa.eu\/consumers\/odr<\/a>. No estamos obligados ni dispuestos a participar en un procedimiento de resoluci\u00f3n de litigios ante una junta arbitral de consumo.<\/p>\n\t\t\t\t\t\t\t\t<\/div>\n\t\t\t\t<\/div>\n\t\t\t\t\t<\/div>\n\t\t<\/div>\n\t\t\t\t\t<\/div>\n\t\t<\/section>\n\t\t\t\t<\/div>\n\t\t","protected":false},"excerpt":{"rendered":"<p>Pie de imprenta Publicado por: WEGAMED GMBH representada por el director general: Peter M\u00f6lleney Am Zehnthof 189, D-45307 Essen Tel. +49 201 185568-10Fax +49 201 185568-30Internet: www.wegamed.deCorreo electr\u00f3nico: info@wegamed.de Juzgado de Primera Instancia de EssenHRB 20007, NIF: DE255036922 REDACCI\u00d3N: wegamed gmbh UN AVISO: Los dispositivos que producimos no est\u00e1n reconocidos cient\u00edficamente por la medicina convencional, pero cumplen los requisitos de la Ley de Productos M\u00e9dicos (MPG) y est\u00e1n certificados como productos m\u00e9dicos de clase IIa. Todos los procedimientos sirven de apoyo a la medicina convencional, pero no pueden sustituirla. COPYRIGHT: El contenido del sitio web de wegamed gmbh est\u00e1 protegido [&hellip;]<\/p>\n","protected":false},"author":4,"featured_media":0,"parent":0,"menu_order":0,"comment_status":"closed","ping_status":"closed","template":"elementor_header_footer","meta":{"inline_featured_image":false,"footnotes":""},"class_list":["post-6799","page","type-page","status-publish","hentry"],"acf":[],"_links":{"self":[{"href":"https:\/\/www.wegamed.com\/es\/wp-json\/wp\/v2\/pages\/6799","targetHints":{"allow":["GET"]}}],"collection":[{"href":"https:\/\/www.wegamed.com\/es\/wp-json\/wp\/v2\/pages"}],"about":[{"href":"https:\/\/www.wegamed.com\/es\/wp-json\/wp\/v2\/types\/page"}],"author":[{"embeddable":true,"href":"https:\/\/www.wegamed.com\/es\/wp-json\/wp\/v2\/users\/4"}],"replies":[{"embeddable":true,"href":"https:\/\/www.wegamed.com\/es\/wp-json\/wp\/v2\/comments?post=6799"}],"version-history":[{"count":5,"href":"https:\/\/www.wegamed.com\/es\/wp-json\/wp\/v2\/pages\/6799\/revisions"}],"predecessor-version":[{"id":7455,"href":"https:\/\/www.wegamed.com\/es\/wp-json\/wp\/v2\/pages\/6799\/revisions\/7455"}],"wp:attachment":[{"href":"https:\/\/www.wegamed.com\/es\/wp-json\/wp\/v2\/media?parent=6799"}],"curies":[{"name":"wp","href":"https:\/\/api.w.org\/{rel}","templated":true}]}}