{"id":12050,"date":"2026-03-05T11:45:53","date_gmt":"2026-03-05T11:45:53","guid":{"rendered":"https:\/\/www.wegamed.com\/?page_id=12050"},"modified":"2026-03-10T08:48:15","modified_gmt":"2026-03-10T08:48:15","slug":"entrenamiento","status":"publish","type":"page","link":"https:\/\/www.wegamed.com\/es\/entrenamiento\/","title":{"rendered":"Entrenamiento"},"content":{"rendered":"\t\t<div data-elementor-type=\"wp-page\" data-elementor-id=\"12050\" class=\"elementor elementor-12050\">\n\t\t\t\t\t\t<section class=\"elementor-section elementor-top-section elementor-element elementor-element-10c90158 elementor-section-boxed elementor-section-height-default elementor-section-height-default\" data-id=\"10c90158\" data-element_type=\"section\">\n\t\t\t\t\t\t<div class=\"elementor-container elementor-column-gap-default\">\n\t\t\t\t\t<div class=\"elementor-column elementor-col-100 elementor-top-column elementor-element elementor-element-66be319\" data-id=\"66be319\" data-element_type=\"column\">\n\t\t\t<div class=\"elementor-widget-wrap elementor-element-populated\">\n\t\t\t\t\t\t<div class=\"elementor-element elementor-element-795a13b8 elementor-widget elementor-widget-text-editor\" data-id=\"795a13b8\" data-element_type=\"widget\" data-widget_type=\"text-editor.default\">\n\t\t\t\t<div class=\"elementor-widget-container\">\n\t\t\t\t\t\t\t\t\t<p><strong>Privatschulungen<\/strong><\/p><p><strong>\u00a0<\/strong><\/p><p>Ab sofort k\u00f6nnen Sie unsere <strong>Privatschulungen auch bequem online buchen<\/strong>. Dadurch haben Sie die M\u00f6glichkeit, individuelle Schulungen flexibel und ortsunabh\u00e4ngig wahrzunehmen, ohne anreisen zu m\u00fcssen.<\/p><p>Die Schulung findet <strong>exklusiv f\u00fcr Sie<\/strong> statt und wird gezielt auf Ihre Fragen, Anwendungen und Ger\u00e4te abgestimmt. So k\u00f6nnen wir genau auf die Themen eingehen, die f\u00fcr Ihren Praxisalltag besonders wichtig sind.<\/p><p>Ob <strong>Ger\u00e4teeinweisung, Anwendungsschulung oder konkrete Fragen aus der Praxis<\/strong>, in der Privatschulung arbeiten Sie direkt mit unseren Experten zusammen und erhalten praxisnahe Unterst\u00fctzung.<\/p><p>Die Termine k\u00f6nnen einfach \u00fcber unseren <strong>Online-Kalender<\/strong> gebucht werden. Die Buchung ist <strong>im 30-Minuten-Takt m\u00f6glich<\/strong>, sodass Sie flexibel entscheiden k\u00f6nnen, wie viel Zeit Sie f\u00fcr Ihre Schulung ben\u00f6tigen.<\/p><p>Das Honorar betr\u00e4gt <strong>150,00 \u20ac pro Stunde zzgl. gesetzlicher Mehrwertsteuer<\/strong>.<\/p><p>Die vollst\u00e4ndigen <strong>Buchungs- und Stornobedingungen<\/strong> werden Ihnen im Buchungsprozess angezeigt.<\/p>\t\t\t\t\t\t\t\t<\/div>\n\t\t\t\t<\/div>\n\t\t\t\t\t<\/div>\n\t\t<\/div>\n\t\t\t\t\t<\/div>\n\t\t<\/section>\n\t\t\t\t<section class=\"elementor-section elementor-top-section elementor-element elementor-element-c08d1f8 elementor-section-boxed elementor-section-height-default elementor-section-height-default\" data-id=\"c08d1f8\" data-element_type=\"section\">\n\t\t\t\t\t\t<div class=\"elementor-container elementor-column-gap-default\">\n\t\t\t\t\t<div class=\"elementor-column elementor-col-100 elementor-top-column elementor-element elementor-element-4c74de1\" data-id=\"4c74de1\" data-element_type=\"column\">\n\t\t\t<div class=\"elementor-widget-wrap elementor-element-populated\">\n\t\t\t\t\t\t<div class=\"elementor-element elementor-element-0d2c08a elementor-widget elementor-widget-button\" data-id=\"0d2c08a\" data-element_type=\"widget\" data-widget_type=\"button.default\">\n\t\t\t\t<div class=\"elementor-widget-container\">\n\t\t\t\t\t\t\t\t\t<div class=\"elementor-button-wrapper\">\n\t\t\t\t\t<a class=\"elementor-button elementor-button-link elementor-size-sm\" href=\"https:\/\/outlook.office.com\/bookwithme\/user\/0d0f893c6dc74a45866307ec15087759%40wegamed.de\/meetingtype\/69SVQCv_5EKVHnY6qHMmqQ2?anonymous&#038;ismsaljsauthenabled\" target=\"_blank\" rel=\"noopener\">\n\t\t\t\t\t\t<span class=\"elementor-button-content-wrapper\">\n\t\t\t\t\t\t\t\t\t<span class=\"elementor-button-text\">Online Buchen<\/span>\n\t\t\t\t\t<\/span>\n\t\t\t\t\t<\/a>\n\t\t\t\t<\/div>\n\t\t\t\t\t\t\t\t<\/div>\n\t\t\t\t<\/div>\n\t\t\t\t\t<\/div>\n\t\t<\/div>\n\t\t\t\t\t<\/div>\n\t\t<\/section>\n\t\t\t\t<\/div>\n\t\t","protected":false},"excerpt":{"rendered":"","protected":false},"author":17,"featured_media":0,"parent":0,"menu_order":0,"comment_status":"closed","ping_status":"closed","template":"","meta":{"inline_featured_image":false,"footnotes":""},"class_list":["post-12050","page","type-page","status-publish","hentry"],"acf":[],"_links":{"self":[{"href":"https:\/\/www.wegamed.com\/es\/wp-json\/wp\/v2\/pages\/12050","targetHints":{"allow":["GET"]}}],"collection":[{"href":"https:\/\/www.wegamed.com\/es\/wp-json\/wp\/v2\/pages"}],"about":[{"href":"https:\/\/www.wegamed.com\/es\/wp-json\/wp\/v2\/types\/page"}],"author":[{"embeddable":true,"href":"https:\/\/www.wegamed.com\/es\/wp-json\/wp\/v2\/users\/17"}],"replies":[{"embeddable":true,"href":"https:\/\/www.wegamed.com\/es\/wp-json\/wp\/v2\/comments?post=12050"}],"version-history":[{"count":1,"href":"https:\/\/www.wegamed.com\/es\/wp-json\/wp\/v2\/pages\/12050\/revisions"}],"predecessor-version":[{"id":12051,"href":"https:\/\/www.wegamed.com\/es\/wp-json\/wp\/v2\/pages\/12050\/revisions\/12051"}],"wp:attachment":[{"href":"https:\/\/www.wegamed.com\/es\/wp-json\/wp\/v2\/media?parent=12050"}],"curies":[{"name":"wp","href":"https:\/\/api.w.org\/{rel}","templated":true}]}}