{"id":6955,"date":"2023-08-08T20:53:06","date_gmt":"2023-08-08T20:53:06","guid":{"rendered":"https:\/\/www.wegamed.com\/seminare\/"},"modified":"2025-01-20T08:40:56","modified_gmt":"2025-01-20T08:40:56","slug":"seminare","status":"publish","type":"page","link":"https:\/\/www.wegamed.com\/de\/seminare\/","title":{"rendered":"SEMINARE"},"content":{"rendered":"\t\t<div data-elementor-type=\"wp-page\" data-elementor-id=\"6955\" class=\"elementor elementor-6955 elementor-2121\">\n\t\t\t\t\t\t<section class=\"elementor-section elementor-top-section elementor-element elementor-element-f0fd8a0 elementor-section-height-min-height elementor-section-stretched elementor-section-boxed elementor-section-height-default elementor-section-items-middle\" data-id=\"f0fd8a0\" data-element_type=\"section\" data-settings=\"{&quot;stretch_section&quot;:&quot;section-stretched&quot;,&quot;background_background&quot;:&quot;classic&quot;}\">\n\t\t\t\t\t\t\t<div class=\"elementor-background-overlay\"><\/div>\n\t\t\t\t\t\t\t<div class=\"elementor-container elementor-column-gap-default\">\n\t\t\t\t\t<div class=\"elementor-column elementor-col-100 elementor-top-column elementor-element elementor-element-9b4f403\" data-id=\"9b4f403\" data-element_type=\"column\">\n\t\t\t<div class=\"elementor-widget-wrap elementor-element-populated\">\n\t\t\t\t\t\t<div class=\"elementor-element elementor-element-e18e26a elementor-widget elementor-widget-heading\" data-id=\"e18e26a\" data-element_type=\"widget\" data-widget_type=\"heading.default\">\n\t\t\t\t<div class=\"elementor-widget-container\">\n\t\t\t\t\t<h2 class=\"elementor-heading-title elementor-size-default\">Seminare<\/h2>\t\t\t\t<\/div>\n\t\t\t\t<\/div>\n\t\t\t\t\t<\/div>\n\t\t<\/div>\n\t\t\t\t\t<\/div>\n\t\t<\/section>\n\t\t\t\t<section class=\"elementor-section elementor-top-section elementor-element elementor-element-eca6278 elementor-section-boxed elementor-section-height-default elementor-section-height-default\" data-id=\"eca6278\" data-element_type=\"section\">\n\t\t\t\t\t\t<div class=\"elementor-container elementor-column-gap-default\">\n\t\t\t\t\t<div class=\"elementor-column elementor-col-100 elementor-top-column elementor-element elementor-element-846aafc\" data-id=\"846aafc\" data-element_type=\"column\">\n\t\t\t<div class=\"elementor-widget-wrap elementor-element-populated\">\n\t\t\t\t\t\t<div class=\"elementor-element elementor-element-84c7d40 elementor-widget__width-initial elementor-widget elementor-widget-text-editor\" data-id=\"84c7d40\" data-element_type=\"widget\" data-widget_type=\"text-editor.default\">\n\t\t\t\t<div class=\"elementor-widget-container\">\n\t\t\t\t\t\t\t\t\t<p>In unseren Seminaren erwerben Einsteiger mit einer bew\u00e4hrten Kombination aus Information und Praxis die Kompetenz f\u00fcr den t\u00e4glichen Umgang mit den Ger\u00e4ten &#8211; und vieles mehr: Von der Abrechnung bis zum effektiven Personaleinsatz an den Ger\u00e4ten bleiben f\u00fcr Sie keine Fragen offen.<\/p>\n<p>Sie haben bereits Erfahrung mit unseren Ger\u00e4ten und m\u00f6chten sich n\u00e4her mit den Funktionen und Anwendungsm\u00f6glichkeiten besch\u00e4ftigen? In unseren Fachkursen finden Sie ein Forum f\u00fcr den nachhaltigen und intensiven Erfahrungs- und Wissensaustausch unter Experten.<\/p>\n\t\t\t\t\t\t\t\t<\/div>\n\t\t\t\t<\/div>\n\t\t\t\t\t<\/div>\n\t\t<\/div>\n\t\t\t\t\t<\/div>\n\t\t<\/section>\n\t\t\t\t<\/div>\n\t\t","protected":false},"excerpt":{"rendered":"<p>Seminare In unseren Seminaren erwerben Einsteiger mit einer bew\u00e4hrten Kombination aus Information und Praxis die Kompetenz f\u00fcr den t\u00e4glichen Umgang mit den Ger\u00e4ten &#8211; und vieles mehr: Von der Abrechnung bis zum effektiven Personaleinsatz an den Ger\u00e4ten bleiben f\u00fcr Sie keine Fragen offen. Sie haben bereits Erfahrung mit unseren Ger\u00e4ten und m\u00f6chten sich n\u00e4her mit den Funktionen und Anwendungsm\u00f6glichkeiten besch\u00e4ftigen? In unseren Fachkursen finden Sie ein Forum f\u00fcr den nachhaltigen und intensiven Erfahrungs- und Wissensaustausch unter Experten.<\/p>\n","protected":false},"author":4,"featured_media":0,"parent":0,"menu_order":0,"comment_status":"closed","ping_status":"closed","template":"Beginner-seminars.php","meta":{"inline_featured_image":false,"footnotes":""},"class_list":["post-6955","page","type-page","status-publish","hentry"],"acf":[],"_links":{"self":[{"href":"https:\/\/www.wegamed.com\/de\/wp-json\/wp\/v2\/pages\/6955","targetHints":{"allow":["GET"]}}],"collection":[{"href":"https:\/\/www.wegamed.com\/de\/wp-json\/wp\/v2\/pages"}],"about":[{"href":"https:\/\/www.wegamed.com\/de\/wp-json\/wp\/v2\/types\/page"}],"author":[{"embeddable":true,"href":"https:\/\/www.wegamed.com\/de\/wp-json\/wp\/v2\/users\/4"}],"replies":[{"embeddable":true,"href":"https:\/\/www.wegamed.com\/de\/wp-json\/wp\/v2\/comments?post=6955"}],"version-history":[{"count":30,"href":"https:\/\/www.wegamed.com\/de\/wp-json\/wp\/v2\/pages\/6955\/revisions"}],"predecessor-version":[{"id":10415,"href":"https:\/\/www.wegamed.com\/de\/wp-json\/wp\/v2\/pages\/6955\/revisions\/10415"}],"wp:attachment":[{"href":"https:\/\/www.wegamed.com\/de\/wp-json\/wp\/v2\/media?parent=6955"}],"curies":[{"name":"wp","href":"https:\/\/api.w.org\/{rel}","templated":true}]}}