{"id":6788,"date":"2023-08-10T15:46:02","date_gmt":"2023-08-10T15:46:02","guid":{"rendered":"https:\/\/www.wegamed.com\/impressum\/"},"modified":"2024-01-26T10:50:05","modified_gmt":"2024-01-26T10:50:05","slug":"impressum","status":"publish","type":"page","link":"https:\/\/www.wegamed.com\/de\/impressum\/","title":{"rendered":"Impressum"},"content":{"rendered":"\t\t<div data-elementor-type=\"wp-page\" data-elementor-id=\"6788\" class=\"elementor elementor-6788 elementor-2471\">\n\t\t\t\t\t\t<section class=\"elementor-section elementor-top-section elementor-element elementor-element-304b1d9 elementor-section-height-min-height elementor-section-boxed elementor-section-height-default elementor-section-items-middle\" data-id=\"304b1d9\" data-element_type=\"section\" data-settings=\"{&quot;background_background&quot;:&quot;classic&quot;}\">\n\t\t\t\t\t\t\t<div class=\"elementor-background-overlay\"><\/div>\n\t\t\t\t\t\t\t<div class=\"elementor-container elementor-column-gap-default\">\n\t\t\t\t\t<div class=\"elementor-column elementor-col-100 elementor-top-column elementor-element elementor-element-4b98eae\" data-id=\"4b98eae\" data-element_type=\"column\">\n\t\t\t<div class=\"elementor-widget-wrap elementor-element-populated\">\n\t\t\t\t\t\t<div class=\"elementor-element elementor-element-72bbd54 elementor-widget elementor-widget-heading\" data-id=\"72bbd54\" data-element_type=\"widget\" data-widget_type=\"heading.default\">\n\t\t\t\t<div class=\"elementor-widget-container\">\n\t\t\t\t\t<h2 class=\"elementor-heading-title elementor-size-default\">Impressum<\/h2>\t\t\t\t<\/div>\n\t\t\t\t<\/div>\n\t\t\t\t\t<\/div>\n\t\t<\/div>\n\t\t\t\t\t<\/div>\n\t\t<\/section>\n\t\t\t\t<section class=\"elementor-section elementor-top-section elementor-element elementor-element-ecc2ac1 elementor-section-boxed elementor-section-height-default elementor-section-height-default\" data-id=\"ecc2ac1\" data-element_type=\"section\">\n\t\t\t\t\t\t<div class=\"elementor-container elementor-column-gap-default\">\n\t\t\t\t\t<div class=\"elementor-column elementor-col-100 elementor-top-column elementor-element elementor-element-b004229\" data-id=\"b004229\" data-element_type=\"column\">\n\t\t\t<div class=\"elementor-widget-wrap elementor-element-populated\">\n\t\t\t\t\t\t<div class=\"elementor-element elementor-element-63ca3e5 elementor-widget elementor-widget-text-editor\" data-id=\"63ca3e5\" data-element_type=\"widget\" data-widget_type=\"text-editor.default\">\n\t\t\t\t<div class=\"elementor-widget-container\">\n\t\t\t\t\t\t\t\t\t<p>Ver\u00f6ffentlicht von:<\/p>\n<h5>WEGAMED GMBH<\/h5>\n<p>vertreten durch den gesch\u00e4ftsf\u00fchrenden Direktor:<\/p>\n<p>Peter M\u00f6lleney<\/p>\n<p>Am Zehnthof 189, D-45307 Essen<\/p>\n<p>Tel. +49 201 185568-10<br \/><span style=\"color: var( --e-global-color-text ); font-family: var( --e-global-typography-text-font-family ), Sans-serif; font-weight: var( --e-global-typography-text-font-weight );\">Fax +49 201 185568-30<br \/><\/span><span style=\"color: var( --e-global-color-text ); font-family: var( --e-global-typography-text-font-family ), Sans-serif; font-weight: var( --e-global-typography-text-font-weight );\">Internet: www.wegamed.de<br \/><\/span><span style=\"color: var( --e-global-color-text ); font-family: var( --e-global-typography-text-font-family ), Sans-serif; font-weight: var( --e-global-typography-text-font-weight );\">E-Mail: <a href=\"mailto:info@wegamed.de\">info@wegamed.de<\/a><\/span><\/p>\n<p><span style=\"color: #7a7a7a;\">Landgericht Essen<br \/><\/span><span style=\"color: #7a7a7a;\">HRB 20007, Umsatzsteuer-ID-Nr.: DE255036922<\/span><\/p>\n<h5>REDAKTION:<\/h5>\n<p>wegamed gmbh<\/p>\n<h5>A HINWEIS:<\/h5>\n<p>Die von uns hergestellten Ger\u00e4te sind wissenschaftlich nicht schulmedizinisch anerkannt, erf\u00fcllen aber dennoch die Anforderungen des Medizinproduktegesetzes (MPG) und sind als Medizinprodukt der Klasse IIa zertifiziert. Alle Verfahren dienen der Unterst\u00fctzung der Schulmedizin, k\u00f6nnen diese aber nicht ersetzen.<\/p>\n<h5>COPYRIGHT:<\/h5>\n<p>Der Inhalt der Website der wegamed gmbh ist urheberrechtlich gesch\u00fctzt. Alle Rechte vorbehalten. Die Vervielf\u00e4ltigung, \u00dcbersetzung oder Verwendung von Inhalten wie Texten, Bildern, Grafiken und Animationen in elektronischen Systemen, auch auszugsweise, ist ohne die schriftliche Zustimmung der wegamed gmbh urheberrechtswidrig und daher strafbar. Werden eingetragene Marken, Handelsnamen und Gebrauchsnamen verwendet, auch wenn sie nicht als solche gekennzeichnet sind, gelten die entsprechenden Schutzbestimmungen. Die Nutzung der auf dieser Website zum Download bereitgestellten Dokumente (z.B. Informationsbrosch\u00fcren, Pressemitteilungen, Datenbl\u00e4tter usw.) ist gestattet, wenn sichergestellt ist, dass:<\/p>\n<p>&#8211; Dieser Hinweis und der Copyright-Vermerk erscheinen auf allen Kopien.<\/p>\n<p>&#8211; Diese Kopien werden nur zu Informationszwecken, f\u00fcr die Presse und f\u00fcr nicht-kommerzielle Zwecke oder f\u00fcr den pers\u00f6nlichen Gebrauch verwendet und werden nicht in ein Computernetzwerk kopiert\/ver\u00f6ffentlicht oder in kommerziellen Medien verbreitet.<\/p>\n<p>&#8211; Es werden keine \u00c4nderungen an diesen Dokumenten vorgenommen.<\/p>\n<p><span style=\"color: #ff0000;\"><em>Jede andere Verwendung ist ausdr\u00fccklich verboten und kann zivil- und strafrechtlich verfolgt werden.<\/em><\/span><\/p>\n<h5>COPYRIGHT DER VERWENDETEN BILDER BEI WWW.FOTOLIA.DE<\/h5>\n<p>Allgemeine Gesch\u00e4ftsbedingungen, amelie, Darren Baker, Yuri Arcurs, christemo, AVAVA, Daniel Schmid, vgstudio, asiln, a_korn, pressmaster, olly, hfox, Valua Vitaly, Kurhan, D.aniel, Werner Heiber, IKO, Izaokas Sapiro, japolia, froxx, yellowj, Monkey Business, Deklofenak, Spectral-Design, Brocreative, lurli Timashov, mipan, Kzenon, alder, valdis, torms, beawolf, Picture-Factory, WavebreakMediaMicro, fotodesign-jegg.de , teracreonte, Andrii IURLOV, Oleg Zhukov,  <a href=\"http:\/\/fotodesign-jegg.de\/\" target=\"_blank\" rel=\"noopener\">jiris<\/a>, Oliopi, ag visual, Ion Popa, tribalium81, Lina_S, cphoto, Sergiy Timashov, katerinarspb,Lota<\/p>\n<h5>DISCLAIMER:<\/h5>\n<p>Alle Inhalte werden sorgf\u00e4ltig gepr\u00fcft und st\u00e4ndig aktualisiert. Eine Garantie f\u00fcr die Vollst\u00e4ndigkeit, Richtigkeit und letzte Aktualit\u00e4t kann jedoch nicht \u00fcbernommen werden. Die wegamed gmbh kann daher nicht f\u00fcr Sch\u00e4den haftbar gemacht werden, die in Zusammenhang mit der Verwendung dieser Inhalte stehen.<\/p>\n<p>Mit den angebotenen Links verlassen Sie die wegamed-Website. Diese verlinkten Seiten werden nicht von wegamed kontrolliert, und keine wegamed-Einheit ist verantwortlich f\u00fcr den Inhalt einer verlinkten Seite oder einer verlinkten Seite, die auf einer verlinkten Seite enthalten ist.<br \/>Die wegamed gmbh ist nicht verantwortlich f\u00fcr Internet-Werbung oder andere Formen von Daten, die von einer verlinkten Seite \u00fcbermittelt werden.<br \/>Soweit durch Verlinkung auf andere Server weitere Informationen zug\u00e4nglich gemacht werden, weist die wegamed gmbh darauf hin, dass die Inhalte nicht dahingehend gepr\u00fcft werden und jegliche Haftung ausgeschlossen ist.<\/p>\n<h6><a href=\"https:\/\/wegamed.com\/privacy-policy\/\" target=\"_blank\" rel=\"noopener\">DATENSCHUTZBESTIMMUNGEN<\/a> LESEN<\/h6>\n<h6>LESEN SIE <a href=\"https:\/\/wegamed.com\/terms-and-conditions\/\" target=\"_blank\" rel=\"noopener\">DIE ALLGEMEINEN GESCH\u00c4FTSBEDINGUNGEN DER WEGAMED GMBH<\/a><\/h6>\n<h5>ALTERNATIVE STREITBEILEGUNG GEM\u00c4SS ART. 14 PARA. 1 ODR-VO UND \u00a7 36 VSBG:<\/h5>\n<p>Die Europ\u00e4ische Kommission stellt eine Plattform f\u00fcr die Online-Streitbeilegung (OS) zur Verf\u00fcgung, die Sie unter <a href=\"https:\/\/ec.europa.eu\/consumers\/odr\" target=\"_blank\" rel=\"noopener\">https:\/\/ec.europa.eu\/consumers\/odr<\/a> finden k\u00f6nnen. Wir sind weder verpflichtet noch bereit, an einem Streitbeilegungsverfahren vor einer Verbraucherschlichtungsstelle teilzunehmen.<\/p>\n\t\t\t\t\t\t\t\t<\/div>\n\t\t\t\t<\/div>\n\t\t\t\t\t<\/div>\n\t\t<\/div>\n\t\t\t\t\t<\/div>\n\t\t<\/section>\n\t\t\t\t<\/div>\n\t\t","protected":false},"excerpt":{"rendered":"<p>Impressum Ver\u00f6ffentlicht von: WEGAMED GMBH vertreten durch den gesch\u00e4ftsf\u00fchrenden Direktor: Peter M\u00f6lleney Am Zehnthof 189, D-45307 Essen Tel. +49 201 185568-10Fax +49 201 185568-30Internet: www.wegamed.deE-Mail: info@wegamed.de Landgericht EssenHRB 20007, Umsatzsteuer-ID-Nr.: DE255036922 REDAKTION: wegamed gmbh A HINWEIS: Die von uns hergestellten Ger\u00e4te sind wissenschaftlich nicht schulmedizinisch anerkannt, erf\u00fcllen aber dennoch die Anforderungen des Medizinproduktegesetzes (MPG) und sind als Medizinprodukt der Klasse IIa zertifiziert. Alle Verfahren dienen der Unterst\u00fctzung der Schulmedizin, k\u00f6nnen diese aber nicht ersetzen. COPYRIGHT: Der Inhalt der Website der wegamed gmbh ist urheberrechtlich gesch\u00fctzt. Alle Rechte vorbehalten. Die Vervielf\u00e4ltigung, \u00dcbersetzung oder Verwendung von Inhalten wie Texten, Bildern, Grafiken und [&hellip;]<\/p>\n","protected":false},"author":4,"featured_media":0,"parent":0,"menu_order":0,"comment_status":"closed","ping_status":"closed","template":"elementor_header_footer","meta":{"inline_featured_image":false,"footnotes":""},"class_list":["post-6788","page","type-page","status-publish","hentry"],"acf":[],"_links":{"self":[{"href":"https:\/\/www.wegamed.com\/de\/wp-json\/wp\/v2\/pages\/6788","targetHints":{"allow":["GET"]}}],"collection":[{"href":"https:\/\/www.wegamed.com\/de\/wp-json\/wp\/v2\/pages"}],"about":[{"href":"https:\/\/www.wegamed.com\/de\/wp-json\/wp\/v2\/types\/page"}],"author":[{"embeddable":true,"href":"https:\/\/www.wegamed.com\/de\/wp-json\/wp\/v2\/users\/4"}],"replies":[{"embeddable":true,"href":"https:\/\/www.wegamed.com\/de\/wp-json\/wp\/v2\/comments?post=6788"}],"version-history":[{"count":2,"href":"https:\/\/www.wegamed.com\/de\/wp-json\/wp\/v2\/pages\/6788\/revisions"}],"predecessor-version":[{"id":6792,"href":"https:\/\/www.wegamed.com\/de\/wp-json\/wp\/v2\/pages\/6788\/revisions\/6792"}],"wp:attachment":[{"href":"https:\/\/www.wegamed.com\/de\/wp-json\/wp\/v2\/media?parent=6788"}],"curies":[{"name":"wp","href":"https:\/\/api.w.org\/{rel}","templated":true}]}}